{"id":318,"date":"2022-09-05T09:27:54","date_gmt":"2022-09-05T09:27:54","guid":{"rendered":"http:\/\/new.wired-beauty.com\/?page_id=318"},"modified":"2022-11-03T09:46:03","modified_gmt":"2022-11-03T09:46:03","slug":"nicolas-amalric","status":"publish","type":"page","link":"https:\/\/www.wired-beauty.com\/fr\/nicolas-amalric\/","title":{"rendered":"Nicolas Amalric"},"content":{"rendered":"[et_pb_section fb_built=&#8221;1&#8243; custom_padding_last_edited=&#8221;on|phone&#8221; _builder_version=&#8221;4.17.4&#8243; _module_preset=&#8221;default&#8221; background_image=&#8221;http:\/\/new.wired-beauty.com\/wp-content\/uploads\/2022\/09\/Picture_Page_4@2x-1-scaled.jpg&#8221; custom_padding=&#8221;140px||140px||false|false&#8221; custom_padding_tablet=&#8221;80px||80px||false|false&#8221; custom_padding_phone=&#8221;40px||40px||false|false&#8221; locked=&#8221;off&#8221; global_colors_info=&#8221;{}&#8221;][et_pb_row _builder_version=&#8221;4.17.4&#8243; _module_preset=&#8221;default&#8221; global_colors_info=&#8221;{}&#8221;][et_pb_column type=&#8221;4_4&#8243; _builder_version=&#8221;4.17.4&#8243; _module_preset=&#8221;default&#8221; global_colors_info=&#8221;{}&#8221;][et_pb_text _builder_version=&#8221;4.17.4&#8243; _module_preset=&#8221;default&#8221; text_font=&#8221;Montserrat|300|||||||&#8221; text_text_color=&#8221;#FFFFFF&#8221; text_font_size=&#8221;26px&#8221; header_font=&#8221;Montserrat|600|||||||&#8221; header_text_color=&#8221;#FFFFFF&#8221; header_font_size=&#8221;60px&#8221; custom_margin=&#8221;||40px||false|false&#8221; custom_margin_tablet=&#8221;||20px||false|false&#8221; custom_margin_phone=&#8221;||10px||false|false&#8221; custom_margin_last_edited=&#8221;on|phone&#8221; text_font_size_tablet=&#8221;20px&#8221; text_font_size_phone=&#8221;18px&#8221; text_font_size_last_edited=&#8221;on|phone&#8221; global_colors_info=&#8221;{}&#8221;]<p style=\"text-align: center;\">About us<\/p>[\/et_pb_text][et_pb_text _builder_version=&#8221;4.17.4&#8243; _module_preset=&#8221;default&#8221; text_font=&#8221;Montserrat|600|||||||&#8221; text_text_color=&#8221;#FFFFFF&#8221; header_font=&#8221;Montserrat|600|||||||&#8221; header_text_color=&#8221;#FFFFFF&#8221; header_font_size=&#8221;48px&#8221; custom_margin=&#8221;||20px||false|false&#8221; header_font_size_tablet=&#8221;32px&#8221; header_font_size_phone=&#8221;26px&#8221; header_font_size_last_edited=&#8221;on|phone&#8221; global_colors_info=&#8221;{}&#8221;]<h1 style=\"text-align: center;\">Nicolas Amalric<\/h1>[\/et_pb_text][et_pb_text _builder_version=&#8221;4.17.4&#8243; _module_preset=&#8221;default&#8221; text_font=&#8221;Montserrat|300|||||||&#8221; text_text_color=&#8221;#FFFFFF&#8221; text_font_size=&#8221;26px&#8221; text_line_height=&#8221;1.2em&#8221; header_font=&#8221;Montserrat|600|||||||&#8221; header_text_color=&#8221;#FFFFFF&#8221; header_font_size=&#8221;60px&#8221; custom_margin=&#8221;||-3px|||&#8221; text_font_size_tablet=&#8221;20px&#8221; text_font_size_phone=&#8221;18px&#8221; text_font_size_last_edited=&#8221;on|phone&#8221; global_colors_info=&#8221;{}&#8221;]<p style=\"text-align: center;\">Scientific Director of QIMA Life Sciences and former CEO of Synelvia<\/p>[\/et_pb_text][\/et_pb_column][\/et_pb_row][\/et_pb_section][et_pb_section fb_built=&#8221;1&#8243; _builder_version=&#8221;4.17.4&#8243; _module_preset=&#8221;default&#8221; global_colors_info=&#8221;{}&#8221;][et_pb_row column_structure=&#8221;1_4,3_4&#8243; _builder_version=&#8221;4.17.4&#8243; _module_preset=&#8221;default&#8221; global_colors_info=&#8221;{}&#8221;][et_pb_column type=&#8221;1_4&#8243; _builder_version=&#8221;4.17.4&#8243; _module_preset=&#8221;default&#8221; global_colors_info=&#8221;{}&#8221;][et_pb_image src=&#8221;http:\/\/new.wired-beauty.com\/wp-content\/uploads\/2022\/07\/Groupe-de-masques-11.png&#8221; title_text=&#8221;Groupe de masques 11&#8243; align_tablet=&#8221;center&#8221; align_phone=&#8221;center&#8221; align_last_edited=&#8221;on|tablet&#8221; _builder_version=&#8221;4.17.4&#8243; _module_preset=&#8221;default&#8221; border_radii=&#8221;on|50%|50%|50%|50%&#8221; global_colors_info=&#8221;{}&#8221;][\/et_pb_image][\/et_pb_column][et_pb_column type=&#8221;3_4&#8243; _builder_version=&#8221;4.17.4&#8243; _module_preset=&#8221;default&#8221; global_colors_info=&#8221;{}&#8221;][et_pb_text _builder_version=&#8221;4.17.4&#8243; _module_preset=&#8221;default&#8221; text_font=&#8221;Century Gothic||||||||&#8221; text_font_size=&#8221;18px&#8221; text_font_size_tablet=&#8221;16px&#8221; text_font_size_phone=&#8221;16px&#8221; text_font_size_last_edited=&#8221;on|phone&#8221; global_colors_info=&#8221;{}&#8221;]<ul>\n<li>Scientific Director of QIMA Life Sciences and former CEO of Synelvia<\/li>\n<li>QIMA Life Sciences (formerly Bioalternatives &amp; Synelvia) offre des services d\u2019analyses adapt\u00e9s \u00e0 la biologie cutan\u00e9e. L\u2019offre de tests s\u2019\u00e9tend du screening virtuel in silico \u00e0 la bioanalyse d\u2019\u00e9chantillons cliniques non invasifs, en passant par les tests in vitro et ex vivo. La soci\u00e9t\u00e9 QIMA Life Sciences aide les d\u00e9partements marketing et recherche et d\u00e9veloppement des grands groupes cosm\u00e9tique et pharmaceutique europ\u00e9ens et am\u00e9ricains \u00e0 innover dans la conceptualisation de leurs projets et \u00e0 substancier et soutenir leurs all\u00e9gations produits.<\/li>\n<li>A passion for innovation in skin science.<\/li>\n<\/ul>[\/et_pb_text][et_pb_button button_text=&#8221;LinkedIn&#8221; button_alignment=&#8221;center&#8221; _builder_version=&#8221;4.17.4&#8243; _module_preset=&#8221;default&#8221; custom_button=&#8221;on&#8221; button_text_size=&#8221;18px&#8221; button_text_color=&#8221;#439DFF&#8221; button_bg_color=&#8221;#FFFFFF&#8221; button_border_width=&#8221;1px&#8221; custom_padding=&#8221;|30px||30px|false|false&#8221; hover_enabled=&#8221;0&#8243; button_text_size_tablet=&#8221;16px&#8221; button_text_size_phone=&#8221;16px&#8221; button_text_size_last_edited=&#8221;on|tablet&#8221; global_colors_info=&#8221;{}&#8221; button_url=&#8221;https:\/\/www.linkedin.com\/in\/nicolas-amalric-16266516\/&#8221; url_new_window=&#8221;on&#8221; sticky_enabled=&#8221;0&#8243;][\/et_pb_button][\/et_pb_column][\/et_pb_row][\/et_pb_section]","protected":false},"excerpt":{"rendered":"<p>About usNicolas AmalricScientific Director of QIMA Life Sciences and former CEO of Synelvia Scientific Director of QIMA Life Sciences and former CEO of Synelvia QIMA Life Sciences (formerly Bioalternatives &amp; Synelvia) offre des services d\u2019analyses adapt\u00e9s \u00e0 la biologie cutan\u00e9e. L\u2019offre de tests s\u2019\u00e9tend du screening virtuel in silico \u00e0 la bioanalyse d\u2019\u00e9chantillons cliniques non [&hellip;]<\/p>","protected":false},"author":1,"featured_media":0,"parent":0,"menu_order":0,"comment_status":"closed","ping_status":"closed","template":"","meta":{"_et_pb_use_builder":"on","_et_pb_old_content":"","_et_gb_content_width":"","footnotes":""},"class_list":["post-318","page","type-page","status-publish","hentry"],"yoast_head":"<!-- This site is optimized with the Yoast SEO plugin v21.0 - https:\/\/yoast.com\/wordpress\/plugins\/seo\/ -->\n<title>Nicolas Amalric - Wired Beauty<\/title>\n<meta name=\"description\" content=\"Nicolas Amalric is the Scientific Director of QIMA Life Sciences and former CEO of Synelvia. He has a passion for innovation in skin science.\" \/>\n<meta name=\"robots\" content=\"index, follow, max-snippet:-1, max-image-preview:large, max-video-preview:-1\" \/>\n<link rel=\"canonical\" href=\"https:\/\/www.wired-beauty.com\/fr\/nicolas-amalric\/\" \/>\n<meta property=\"og:locale\" content=\"fr_FR\" \/>\n<meta property=\"og:type\" content=\"article\" \/>\n<meta property=\"og:title\" content=\"Nicolas Amalric - Wired Beauty\" \/>\n<meta property=\"og:description\" content=\"Nicolas Amalric is the Scientific Director of QIMA Life Sciences and former CEO of Synelvia. He has a passion for innovation in skin science.\" \/>\n<meta property=\"og:url\" content=\"https:\/\/www.wired-beauty.com\/fr\/nicolas-amalric\/\" \/>\n<meta property=\"og:site_name\" content=\"Wired Beauty\" \/>\n<meta property=\"article:modified_time\" content=\"2022-11-03T09:46:03+00:00\" \/>\n<meta name=\"twitter:card\" content=\"summary_large_image\" \/>\n<meta name=\"twitter:label1\" content=\"Dur\u00e9e de lecture estim\u00e9e\" \/>\n\t<meta name=\"twitter:data1\" content=\"2 minutes\" \/>\n<script type=\"application\/ld+json\" class=\"yoast-schema-graph\">{\"@context\":\"https:\/\/schema.org\",\"@graph\":[{\"@type\":\"WebPage\",\"@id\":\"https:\/\/www.wired-beauty.com\/nicolas-amalric\/\",\"url\":\"https:\/\/www.wired-beauty.com\/nicolas-amalric\/\",\"name\":\"Nicolas Amalric - Wired Beauty\",\"isPartOf\":{\"@id\":\"https:\/\/www.wired-beauty.com\/#website\"},\"datePublished\":\"2022-09-05T09:27:54+00:00\",\"dateModified\":\"2022-11-03T09:46:03+00:00\",\"description\":\"Nicolas Amalric is the Scientific Director of QIMA Life Sciences and former CEO of Synelvia. He has a passion for innovation in skin science.\",\"breadcrumb\":{\"@id\":\"https:\/\/www.wired-beauty.com\/nicolas-amalric\/#breadcrumb\"},\"inLanguage\":\"fr-FR\",\"potentialAction\":[{\"@type\":\"ReadAction\",\"target\":[\"https:\/\/www.wired-beauty.com\/nicolas-amalric\/\"]}]},{\"@type\":\"BreadcrumbList\",\"@id\":\"https:\/\/www.wired-beauty.com\/nicolas-amalric\/#breadcrumb\",\"itemListElement\":[{\"@type\":\"ListItem\",\"position\":1,\"name\":\"Home\",\"item\":\"https:\/\/www.wired-beauty.com\/\"},{\"@type\":\"ListItem\",\"position\":2,\"name\":\"Nicolas Amalric\"}]},{\"@type\":\"WebSite\",\"@id\":\"https:\/\/www.wired-beauty.com\/#website\",\"url\":\"https:\/\/www.wired-beauty.com\/\",\"name\":\"Wired Beauty\",\"description\":\"Hybrid clinical trials and consumer studies with connected IOT and app\",\"potentialAction\":[{\"@type\":\"SearchAction\",\"target\":{\"@type\":\"EntryPoint\",\"urlTemplate\":\"https:\/\/www.wired-beauty.com\/?s={search_term_string}\"},\"query-input\":\"required name=search_term_string\"}],\"inLanguage\":\"fr-FR\"}]}<\/script>\n<!-- \/ Yoast SEO plugin. -->","yoast_head_json":{"title":"Nicolas Amalric - Wired Beauty","description":"Nicolas Amalric is the Scientific Director of QIMA Life Sciences and former CEO of Synelvia. He has a passion for innovation in skin science.","robots":{"index":"index","follow":"follow","max-snippet":"max-snippet:-1","max-image-preview":"max-image-preview:large","max-video-preview":"max-video-preview:-1"},"canonical":"https:\/\/www.wired-beauty.com\/fr\/nicolas-amalric\/","og_locale":"fr_FR","og_type":"article","og_title":"Nicolas Amalric - Wired Beauty","og_description":"Nicolas Amalric is the Scientific Director of QIMA Life Sciences and former CEO of Synelvia. He has a passion for innovation in skin science.","og_url":"https:\/\/www.wired-beauty.com\/fr\/nicolas-amalric\/","og_site_name":"Wired Beauty","article_modified_time":"2022-11-03T09:46:03+00:00","twitter_card":"summary_large_image","twitter_misc":{"Dur\u00e9e de lecture estim\u00e9e":"2 minutes"},"schema":{"@context":"https:\/\/schema.org","@graph":[{"@type":"WebPage","@id":"https:\/\/www.wired-beauty.com\/nicolas-amalric\/","url":"https:\/\/www.wired-beauty.com\/nicolas-amalric\/","name":"Nicolas Amalric - Wired Beauty","isPartOf":{"@id":"https:\/\/www.wired-beauty.com\/#website"},"datePublished":"2022-09-05T09:27:54+00:00","dateModified":"2022-11-03T09:46:03+00:00","description":"Nicolas Amalric is the Scientific Director of QIMA Life Sciences and former CEO of Synelvia. He has a passion for innovation in skin science.","breadcrumb":{"@id":"https:\/\/www.wired-beauty.com\/nicolas-amalric\/#breadcrumb"},"inLanguage":"fr-FR","potentialAction":[{"@type":"ReadAction","target":["https:\/\/www.wired-beauty.com\/nicolas-amalric\/"]}]},{"@type":"BreadcrumbList","@id":"https:\/\/www.wired-beauty.com\/nicolas-amalric\/#breadcrumb","itemListElement":[{"@type":"ListItem","position":1,"name":"Home","item":"https:\/\/www.wired-beauty.com\/"},{"@type":"ListItem","position":2,"name":"Nicolas Amalric"}]},{"@type":"WebSite","@id":"https:\/\/www.wired-beauty.com\/#website","url":"https:\/\/www.wired-beauty.com\/","name":"Wired Beauty","description":"Hybrid clinical trials and consumer studies with connected IOT and app","potentialAction":[{"@type":"SearchAction","target":{"@type":"EntryPoint","urlTemplate":"https:\/\/www.wired-beauty.com\/?s={search_term_string}"},"query-input":"required name=search_term_string"}],"inLanguage":"fr-FR"}]}},"_links":{"self":[{"href":"https:\/\/www.wired-beauty.com\/fr\/wp-json\/wp\/v2\/pages\/318","targetHints":{"allow":["GET"]}}],"collection":[{"href":"https:\/\/www.wired-beauty.com\/fr\/wp-json\/wp\/v2\/pages"}],"about":[{"href":"https:\/\/www.wired-beauty.com\/fr\/wp-json\/wp\/v2\/types\/page"}],"author":[{"embeddable":true,"href":"https:\/\/www.wired-beauty.com\/fr\/wp-json\/wp\/v2\/users\/1"}],"replies":[{"embeddable":true,"href":"https:\/\/www.wired-beauty.com\/fr\/wp-json\/wp\/v2\/comments?post=318"}],"version-history":[{"count":4,"href":"https:\/\/www.wired-beauty.com\/fr\/wp-json\/wp\/v2\/pages\/318\/revisions"}],"predecessor-version":[{"id":558,"href":"https:\/\/www.wired-beauty.com\/fr\/wp-json\/wp\/v2\/pages\/318\/revisions\/558"}],"wp:attachment":[{"href":"https:\/\/www.wired-beauty.com\/fr\/wp-json\/wp\/v2\/media?parent=318"}],"curies":[{"name":"wp","href":"https:\/\/api.w.org\/{rel}","templated":true}]}}